{"id":3,"date":"2026-03-11T13:04:57","date_gmt":"2026-03-11T12:04:57","guid":{"rendered":"https:\/\/pangya-com.de\/blog\/?page_id=3"},"modified":"2026-03-11T13:34:58","modified_gmt":"2026-03-11T12:34:58","slug":"datenschutzerklaerung","status":"publish","type":"page","link":"https:\/\/pangya-com.de\/blog\/datenschutzerklaerung\/","title":{"rendered":"Datenschutzerkl\u00e4rung"},"content":{"rendered":"\n<h1 class=\"wp-block-heading\">Datenschutzerkl\u00e4rung<\/h1>\n\n\n\n<h2 class=\"wp-block-heading\">1. Allgemeine Hinweise<\/h2>\n\n\n\n<p>Der Schutz deiner pers\u00f6nlichen Daten ist uns ein besonderes Anliegen. Wir behandeln deine personenbezogenen Daten vertraulich und entsprechend der gesetzlichen Datenschutzvorschriften sowie dieser Datenschutzerkl\u00e4rung.<\/p>\n\n\n\n<p>Die Nutzung unseres Blogs ist in der Regel ohne Angabe personenbezogener Daten m\u00f6glich. Soweit auf unseren Seiten personenbezogene Daten erhoben werden, erfolgt dies, soweit m\u00f6glich, stets auf freiwilliger Basis.<\/p>\n\n\n\n<hr class=\"wp-block-separator has-alpha-channel-opacity\"\/>\n\n\n\n<h2 class=\"wp-block-heading\">2. Verantwortliche Stelle<\/h2>\n\n\n\n<p>Verantwortlich f\u00fcr die Datenverarbeitung auf dieser Website ist:<\/p>\n\n\n\n<p>Andy Wesely<br>Deutschland<\/p>\n\n\n\n<p>E-Mail: <a>kontakt@pangya-com.de<\/a><\/p>\n\n\n\n<hr class=\"wp-block-separator has-alpha-channel-opacity\"\/>\n\n\n\n<h2 class=\"wp-block-heading\">3. Zugriffsdaten und Server-Logfiles<\/h2>\n\n\n\n<p>Der Provider der Seiten erhebt und speichert automatisch Informationen in sogenannten Server-Logfiles, die dein Browser automatisch an uns \u00fcbermittelt.<\/p>\n\n\n\n<p>Dies sind beispielsweise:<\/p>\n\n\n\n<ul class=\"wp-block-list\">\n<li>Browsertyp und Browserversion<\/li>\n\n\n\n<li>verwendetes Betriebssystem<\/li>\n\n\n\n<li>Referrer URL<\/li>\n\n\n\n<li>Hostname des zugreifenden Rechners<\/li>\n\n\n\n<li>Uhrzeit der Serveranfrage<\/li>\n\n\n\n<li>IP-Adresse<\/li>\n<\/ul>\n\n\n\n<p>Diese Daten sind nicht bestimmten Personen zuordenbar. Eine Zusammenf\u00fchrung dieser Daten mit anderen Datenquellen wird nicht vorgenommen.<\/p>\n\n\n\n<p>Die Verarbeitung dieser Daten erfolgt zur Sicherstellung eines st\u00f6rungsfreien Betriebs der Website.<\/p>\n\n\n\n<hr class=\"wp-block-separator has-alpha-channel-opacity\"\/>\n\n\n\n<h2 class=\"wp-block-heading\">4. Cookies<\/h2>\n\n\n\n<p>Unsere Website kann sogenannte Cookies verwenden. Cookies richten auf deinem Endger\u00e4t keinen Schaden an und enthalten keine Viren.<\/p>\n\n\n\n<p>Cookies dienen dazu, unser Angebot nutzerfreundlicher und effektiver zu machen.<\/p>\n\n\n\n<p>Du kannst deinen Browser so einstellen, dass du \u00fcber das Setzen von Cookies informiert wirst und Cookies nur im Einzelfall erlaubst oder generell ausschlie\u00dft.<\/p>\n\n\n\n<hr class=\"wp-block-separator has-alpha-channel-opacity\"\/>\n\n\n\n<h2 class=\"wp-block-heading\">5. Kommentare und Beitr\u00e4ge<\/h2>\n\n\n\n<p>Wenn Nutzer Kommentare oder Beitr\u00e4ge im Blog hinterlassen, werden neben den eingegebenen Daten auch der Zeitpunkt der Erstellung sowie die IP-Adresse gespeichert.<\/p>\n\n\n\n<p>Dies dient der Sicherheit des Betreibers, falls in Kommentaren oder Beitr\u00e4gen rechtswidrige Inhalte ver\u00f6ffentlicht werden.<\/p>\n\n\n\n<hr class=\"wp-block-separator has-alpha-channel-opacity\"\/>\n\n\n\n<h2 class=\"wp-block-heading\">6. Kontaktaufnahme<\/h2>\n\n\n\n<p>Wenn du uns per E-Mail kontaktierst, werden deine Angaben inklusive der von dir angegebenen Kontaktdaten zwecks Bearbeitung der Anfrage gespeichert.<\/p>\n\n\n\n<p>Diese Daten geben wir nicht ohne deine Einwilligung weiter.<\/p>\n\n\n\n<hr class=\"wp-block-separator has-alpha-channel-opacity\"\/>\n\n\n\n<h2 class=\"wp-block-heading\">7. Externe Links<\/h2>\n\n\n\n<p>Unser Blog kann Links zu externen Webseiten enthalten. Auf deren Inhalte haben wir keinen Einfluss. Deshalb k\u00f6nnen wir f\u00fcr diese fremden Inhalte auch keine Gew\u00e4hr \u00fcbernehmen.<\/p>\n\n\n\n<p>F\u00fcr die Inhalte der verlinkten Seiten ist stets der jeweilige Anbieter oder Betreiber der Seiten verantwortlich.<\/p>\n\n\n\n<hr class=\"wp-block-separator has-alpha-channel-opacity\"\/>\n\n\n\n<h2 class=\"wp-block-heading\">8. Datensicherheit<\/h2>\n\n\n\n<p>Wir verwenden innerhalb des Website-Besuchs das verbreitete SSL-Verfahren (HTTPS). Dadurch werden Daten verschl\u00fcsselt \u00fcbertragen.<\/p>\n\n\n\n<hr class=\"wp-block-separator has-alpha-channel-opacity\"\/>\n\n\n\n<h2 class=\"wp-block-heading\">9. Rechte der betroffenen Personen<\/h2>\n\n\n\n<p>Du hast jederzeit das Recht auf:<\/p>\n\n\n\n<ul class=\"wp-block-list\">\n<li>Auskunft \u00fcber deine gespeicherten Daten<\/li>\n\n\n\n<li>Berichtigung unrichtiger Daten<\/li>\n\n\n\n<li>L\u00f6schung deiner Daten<\/li>\n\n\n\n<li>Einschr\u00e4nkung der Verarbeitung<\/li>\n\n\n\n<li>Widerspruch gegen die Verarbeitung<\/li>\n<\/ul>\n\n\n\n<p>Wenn du Fragen zum Datenschutz hast, kannst du dich jederzeit an die oben angegebene Kontaktadresse wenden.<\/p>\n\n\n\n<hr class=\"wp-block-separator has-alpha-channel-opacity\"\/>\n\n\n\n<h2 class=\"wp-block-heading\">10. Hinweis zur Community<\/h2>\n\n\n\n<p>Der Blog <strong>pangya-com.de\/blog<\/strong> ist Teil der unabh\u00e4ngigen Pangya Community Plattform.<\/p>\n\n\n\n<p>Diese Seite steht in keiner offiziellen Verbindung zu den urspr\u00fcnglichen Entwicklern oder Rechteinhabern des Spiels Pangya.<\/p>\n\n\n\n<hr class=\"wp-block-separator has-alpha-channel-opacity\"\/>\n\n\n\n<h2 class=\"wp-block-heading\">11. \u00c4nderungen dieser Datenschutzerkl\u00e4rung<\/h2>\n\n\n\n<p>Wir behalten uns vor, diese Datenschutzerkl\u00e4rung gelegentlich anzupassen, damit sie stets den aktuellen rechtlichen Anforderungen entspricht.<\/p>\n","protected":false},"excerpt":{"rendered":"<p>Datenschutzerkl\u00e4rung 1. Allgemeine Hinweise Der Schutz deiner pers\u00f6nlichen Daten ist uns ein besonderes Anliegen. Wir behandeln deine personenbezogenen Daten vertraulich und entsprechend der gesetzlichen Datenschutzvorschriften sowie dieser Datenschutzerkl\u00e4rung. Die Nutzung unseres Blogs ist in der Regel ohne Angabe personenbezogener Daten m\u00f6glich. Soweit auf unseren Seiten personenbezogene Daten erhoben werden, erfolgt <a class=\"read-more\" href=\"https:\/\/pangya-com.de\/blog\/datenschutzerklaerung\/\">Weiterlesen<\/a><\/p>\n","protected":false},"author":1,"featured_media":0,"parent":0,"menu_order":0,"comment_status":"closed","ping_status":"open","template":"","meta":{"footnotes":""},"class_list":["post-3","page","type-page","status-publish","hentry"],"_links":{"self":[{"href":"https:\/\/pangya-com.de\/blog\/wp-json\/wp\/v2\/pages\/3","targetHints":{"allow":["GET"]}}],"collection":[{"href":"https:\/\/pangya-com.de\/blog\/wp-json\/wp\/v2\/pages"}],"about":[{"href":"https:\/\/pangya-com.de\/blog\/wp-json\/wp\/v2\/types\/page"}],"author":[{"embeddable":true,"href":"https:\/\/pangya-com.de\/blog\/wp-json\/wp\/v2\/users\/1"}],"replies":[{"embeddable":true,"href":"https:\/\/pangya-com.de\/blog\/wp-json\/wp\/v2\/comments?post=3"}],"version-history":[{"count":1,"href":"https:\/\/pangya-com.de\/blog\/wp-json\/wp\/v2\/pages\/3\/revisions"}],"predecessor-version":[{"id":25,"href":"https:\/\/pangya-com.de\/blog\/wp-json\/wp\/v2\/pages\/3\/revisions\/25"}],"wp:attachment":[{"href":"https:\/\/pangya-com.de\/blog\/wp-json\/wp\/v2\/media?parent=3"}],"curies":[{"name":"wp","href":"https:\/\/api.w.org\/{rel}","templated":true}]}}